{"id":48,"date":"2011-01-09T19:17:22","date_gmt":"2011-01-09T19:17:22","guid":{"rendered":"http:\/\/www.tc-eggstaett.de\/?page_id=48"},"modified":"2026-03-27T13:15:48","modified_gmt":"2026-03-27T12:15:48","slug":"termine","status":"publish","type":"page","link":"https:\/\/www.tc-eggstaett.de\/?page_id=48","title":{"rendered":"Termine"},"content":{"rendered":"\t\t<div data-elementor-type=\"wp-post\" data-elementor-id=\"48\" class=\"elementor elementor-48\">\n\t\t\t\t\t\t<section class=\"elementor-section elementor-top-section elementor-element elementor-element-28a1c63 elementor-section-boxed elementor-section-height-default elementor-section-height-default\" data-id=\"28a1c63\" data-element_type=\"section\" data-e-type=\"section\">\n\t\t\t\t\t\t<div class=\"elementor-container elementor-column-gap-default\">\n\t\t\t\t\t<div class=\"elementor-column elementor-col-100 elementor-top-column elementor-element elementor-element-58ef5ad\" data-id=\"58ef5ad\" data-element_type=\"column\" data-e-type=\"column\">\n\t\t\t<div class=\"elementor-widget-wrap elementor-element-populated\">\n\t\t\t\t\t\t<div class=\"elementor-element elementor-element-6faa4b1 elementor-widget elementor-widget-text-editor\" data-id=\"6faa4b1\" data-element_type=\"widget\" data-e-type=\"widget\" data-widget_type=\"text-editor.default\">\n\t\t\t\t<div class=\"elementor-widget-container\">\n\t\t\t\t\t\t\t\t\t<h4><strong><span style=\"color: #000000;\">Die akutellen Termine f\u00fcr das Vereinsjahr 2026:<\/span><\/strong><\/h4>\t\t\t\t\t\t\t\t<\/div>\n\t\t\t\t<\/div>\n\t\t\t\t\t<\/div>\n\t\t<\/div>\n\t\t\t\t\t<\/div>\n\t\t<\/section>\n\t\t\t\t<section class=\"elementor-section elementor-top-section elementor-element elementor-element-4b169b2 elementor-section-boxed elementor-section-height-default elementor-section-height-default\" data-id=\"4b169b2\" data-element_type=\"section\" data-e-type=\"section\">\n\t\t\t\t\t\t<div class=\"elementor-container elementor-column-gap-default\">\n\t\t\t\t\t<div class=\"elementor-column elementor-col-100 elementor-top-column elementor-element elementor-element-f46f682\" data-id=\"f46f682\" data-element_type=\"column\" data-e-type=\"column\">\n\t\t\t<div class=\"elementor-widget-wrap elementor-element-populated\">\n\t\t\t\t\t\t<div class=\"elementor-element elementor-element-2e46aec elementor-widget-divider--view-line elementor-widget elementor-widget-divider\" data-id=\"2e46aec\" data-element_type=\"widget\" data-e-type=\"widget\" data-widget_type=\"divider.default\">\n\t\t\t\t<div class=\"elementor-widget-container\">\n\t\t\t\t\t\t\t<div class=\"elementor-divider\">\n\t\t\t<span class=\"elementor-divider-separator\">\n\t\t\t\t\t\t<\/span>\n\t\t<\/div>\n\t\t\t\t\t\t<\/div>\n\t\t\t\t<\/div>\n\t\t\t\t\t<\/div>\n\t\t<\/div>\n\t\t\t\t\t<\/div>\n\t\t<\/section>\n\t\t\t\t<section class=\"elementor-section elementor-top-section elementor-element elementor-element-56877a4 elementor-section-boxed elementor-section-height-default elementor-section-height-default\" data-id=\"56877a4\" data-element_type=\"section\" data-e-type=\"section\">\n\t\t\t\t\t\t<div class=\"elementor-container elementor-column-gap-default\">\n\t\t\t\t\t<div class=\"elementor-column elementor-col-100 elementor-top-column elementor-element elementor-element-39889e8\" data-id=\"39889e8\" data-element_type=\"column\" data-e-type=\"column\">\n\t\t\t<div class=\"elementor-widget-wrap elementor-element-populated\">\n\t\t\t\t\t\t<div class=\"elementor-element elementor-element-bf168b5 elementor-widget elementor-widget-text-editor\" data-id=\"bf168b5\" data-element_type=\"widget\" data-e-type=\"widget\" data-widget_type=\"text-editor.default\">\n\t\t\t\t<div class=\"elementor-widget-container\">\n\t\t\t\t\t\t\t\t\t<h4><span style=\"font-size: 16px; font-family: 'Open Sans', sans-serif;\">Geplant sind:\u00a0<\/span><\/h4><h4><span style=\"font-size: 16px; font-family: 'Open Sans', sans-serif;\">&#8211; Jahreshauptversammlung am 27. M\u00e4rz<\/span><\/h4><div><span style=\"font-size: 16px; font-family: 'Open Sans', sans-serif;\">&#8211; Platzer\u00f6ffnung 19. April<\/span><\/div><div>&#8211; Er\u00f6ffnung Padelanlage am 3. Mai<br \/><span style=\"font-size: 16px; font-family: 'Open Sans', sans-serif;\">&#8211; regelm\u00e4\u00dfiger Clubabend immer Donnerstags mit untereinander Spielen und gem\u00fctlichem Beisammensein<\/span><\/div><div><span style=\"font-size: 16px; font-family: 'Open Sans', sans-serif;\">&#8211; Beginn Punktspielrunde am zweiten Mai-Wochenende<\/span><\/div><div><span style=\"font-size: 16px; font-family: 'Open Sans', sans-serif;\">&#8211; Flohmarkt am Fossil-Parkplatz, Termin am 14. Juni<\/span><br \/><span style=\"font-size: 16px; font-family: 'Open Sans', sans-serif;\">&#8211; Clubmeisterschaften im Sp\u00e4tsommer<\/span><br \/><span style=\"font-size: 16px; font-family: 'Open Sans', sans-serif;\">&#8211; Weihnachtsfeier am letzten Wochenende vor Adventsbeginn<\/span><\/div><div><span style=\"font-size: 16px; font-family: 'Open Sans', sans-serif;\">\u00a0<\/span><\/div><div>und dazwischen das ein oder andere Event&#8230;das werden wir dann zeitnah den Mitgliedern per E-Mail mitteilen:<\/div>\t\t\t\t\t\t\t\t<\/div>\n\t\t\t\t<\/div>\n\t\t\t\t\t<\/div>\n\t\t<\/div>\n\t\t\t\t\t<\/div>\n\t\t<\/section>\n\t\t\t\t<section class=\"elementor-section elementor-top-section elementor-element elementor-element-776d1f1 elementor-section-boxed elementor-section-height-default elementor-section-height-default\" data-id=\"776d1f1\" data-element_type=\"section\" data-e-type=\"section\">\n\t\t\t\t\t\t<div class=\"elementor-container elementor-column-gap-default\">\n\t\t\t\t\t<div class=\"elementor-column elementor-col-100 elementor-top-column elementor-element elementor-element-923d351\" data-id=\"923d351\" data-element_type=\"column\" data-e-type=\"column\">\n\t\t\t<div class=\"elementor-widget-wrap elementor-element-populated\">\n\t\t\t\t\t\t<div class=\"elementor-element elementor-element-241368d elementor-widget-divider--view-line elementor-widget elementor-widget-divider\" data-id=\"241368d\" data-element_type=\"widget\" data-e-type=\"widget\" data-widget_type=\"divider.default\">\n\t\t\t\t<div class=\"elementor-widget-container\">\n\t\t\t\t\t\t\t<div class=\"elementor-divider\">\n\t\t\t<span class=\"elementor-divider-separator\">\n\t\t\t\t\t\t<\/span>\n\t\t<\/div>\n\t\t\t\t\t\t<\/div>\n\t\t\t\t<\/div>\n\t\t\t\t\t<\/div>\n\t\t<\/div>\n\t\t\t\t\t<\/div>\n\t\t<\/section>\n\t\t\t\t<\/div>\n\t\t","protected":false},"excerpt":{"rendered":"<p>Die akutellen Termine f\u00fcr das Vereinsjahr 2026: Geplant sind:\u00a0 &#8211; Jahreshauptversammlung am 27. M\u00e4rz &#8211; Platzer\u00f6ffnung 19. April- Er\u00f6ffnung Padelanlage am 3. Mai&#8211; regelm\u00e4\u00dfiger Clubabend immer Donnerstags mit untereinander Spielen und gem\u00fctlichem Beisammensein- Beginn Punktspielrunde am zweiten Mai-Wochenende- Flohmarkt am Fossil-Parkplatz, Termin am 14. Juni&#8211; Clubmeisterschaften im Sp\u00e4tsommer&#8211; Weihnachtsfeier am letzten Wochenende vor Adventsbeginn\u00a0und dazwischen [&hellip;]<\/p>\n","protected":false},"author":1,"featured_media":0,"parent":302,"menu_order":6,"comment_status":"closed","ping_status":"closed","template":"","meta":{"footnotes":""},"class_list":["post-48","page","type-page","status-publish","hentry"],"_links":{"self":[{"href":"https:\/\/www.tc-eggstaett.de\/index.php?rest_route=\/wp\/v2\/pages\/48","targetHints":{"allow":["GET"]}}],"collection":[{"href":"https:\/\/www.tc-eggstaett.de\/index.php?rest_route=\/wp\/v2\/pages"}],"about":[{"href":"https:\/\/www.tc-eggstaett.de\/index.php?rest_route=\/wp\/v2\/types\/page"}],"author":[{"embeddable":true,"href":"https:\/\/www.tc-eggstaett.de\/index.php?rest_route=\/wp\/v2\/users\/1"}],"replies":[{"embeddable":true,"href":"https:\/\/www.tc-eggstaett.de\/index.php?rest_route=%2Fwp%2Fv2%2Fcomments&post=48"}],"version-history":[{"count":135,"href":"https:\/\/www.tc-eggstaett.de\/index.php?rest_route=\/wp\/v2\/pages\/48\/revisions"}],"predecessor-version":[{"id":2865,"href":"https:\/\/www.tc-eggstaett.de\/index.php?rest_route=\/wp\/v2\/pages\/48\/revisions\/2865"}],"up":[{"embeddable":true,"href":"https:\/\/www.tc-eggstaett.de\/index.php?rest_route=\/wp\/v2\/pages\/302"}],"wp:attachment":[{"href":"https:\/\/www.tc-eggstaett.de\/index.php?rest_route=%2Fwp%2Fv2%2Fmedia&parent=48"}],"curies":[{"name":"wp","href":"https:\/\/api.w.org\/{rel}","templated":true}]}}