{"id":44,"date":"2011-01-09T19:16:33","date_gmt":"2011-01-09T19:16:33","guid":{"rendered":"http:\/\/www.tc-eggstaett.de\/?page_id=44"},"modified":"2023-04-16T19:41:26","modified_gmt":"2023-04-16T17:41:26","slug":"mitgliedschaft","status":"publish","type":"page","link":"https:\/\/www.tc-eggstaett.de\/?page_id=44","title":{"rendered":"Mitgliedschaft"},"content":{"rendered":"\t\t<div data-elementor-type=\"wp-post\" data-elementor-id=\"44\" class=\"elementor elementor-44\">\n\t\t\t\t\t\t<section class=\"elementor-section elementor-top-section elementor-element elementor-element-f7b804a elementor-section-boxed elementor-section-height-default elementor-section-height-default\" data-id=\"f7b804a\" data-element_type=\"section\" data-e-type=\"section\">\n\t\t\t\t\t\t<div class=\"elementor-container elementor-column-gap-default\">\n\t\t\t\t\t<div class=\"elementor-column elementor-col-100 elementor-top-column elementor-element elementor-element-e3d19fe\" data-id=\"e3d19fe\" data-element_type=\"column\" data-e-type=\"column\">\n\t\t\t<div class=\"elementor-widget-wrap elementor-element-populated\">\n\t\t\t\t\t\t<div class=\"elementor-element elementor-element-122e552 elementor-widget elementor-widget-text-editor\" data-id=\"122e552\" data-element_type=\"widget\" data-e-type=\"widget\" data-widget_type=\"text-editor.default\">\n\t\t\t\t<div class=\"elementor-widget-container\">\n\t\t\t\t\t\t\t\t\t<h4><strong>Informationen zur Mitgliedschaft<\/strong><\/h4>\t\t\t\t\t\t\t\t<\/div>\n\t\t\t\t<\/div>\n\t\t\t\t\t<\/div>\n\t\t<\/div>\n\t\t\t\t\t<\/div>\n\t\t<\/section>\n\t\t\t\t<section class=\"elementor-section elementor-top-section elementor-element elementor-element-55581b7 elementor-section-boxed elementor-section-height-default elementor-section-height-default\" data-id=\"55581b7\" data-element_type=\"section\" data-e-type=\"section\">\n\t\t\t\t\t\t<div class=\"elementor-container elementor-column-gap-default\">\n\t\t\t\t\t<div class=\"elementor-column elementor-col-100 elementor-top-column elementor-element elementor-element-daec674\" data-id=\"daec674\" data-element_type=\"column\" data-e-type=\"column\">\n\t\t\t<div class=\"elementor-widget-wrap elementor-element-populated\">\n\t\t\t\t\t\t<div class=\"elementor-element elementor-element-fe22a41 elementor-widget-divider--view-line elementor-widget elementor-widget-divider\" data-id=\"fe22a41\" data-element_type=\"widget\" data-e-type=\"widget\" data-widget_type=\"divider.default\">\n\t\t\t\t<div class=\"elementor-widget-container\">\n\t\t\t\t\t\t\t<div class=\"elementor-divider\">\n\t\t\t<span class=\"elementor-divider-separator\">\n\t\t\t\t\t\t<\/span>\n\t\t<\/div>\n\t\t\t\t\t\t<\/div>\n\t\t\t\t<\/div>\n\t\t\t\t\t<\/div>\n\t\t<\/div>\n\t\t\t\t\t<\/div>\n\t\t<\/section>\n\t\t\t\t<section class=\"elementor-section elementor-top-section elementor-element elementor-element-e24a371 elementor-section-boxed elementor-section-height-default elementor-section-height-default\" data-id=\"e24a371\" data-element_type=\"section\" data-e-type=\"section\">\n\t\t\t\t\t\t<div class=\"elementor-container elementor-column-gap-default\">\n\t\t\t\t\t<div class=\"elementor-column elementor-col-66 elementor-top-column elementor-element elementor-element-4918c1a\" data-id=\"4918c1a\" data-element_type=\"column\" data-e-type=\"column\">\n\t\t\t<div class=\"elementor-widget-wrap elementor-element-populated\">\n\t\t\t\t\t\t<div class=\"elementor-element elementor-element-a2f2a32 elementor-widget elementor-widget-text-editor\" data-id=\"a2f2a32\" data-element_type=\"widget\" data-e-type=\"widget\" data-widget_type=\"text-editor.default\">\n\t\t\t\t<div class=\"elementor-widget-container\">\n\t\t\t\t\t\t\t\t\t<div>Die Mitgliedsbeitr\u00e4ge (g\u00fcltig ab 2024 &#8211; f\u00fcr das laufende Jahr g\u00fcnstiger) gliedern sich wie folgt:<\/div>\n<div>&nbsp;<\/div>\n<ul>\n<li>Kinder mit Elternmitgliedschaft bis zum 14. Lebensjahr: <br \/> beitragsfrei<\/li>\n<li>Jugendliche mit Elternmitgliedschaft vom 14. bis 18. Lebensjahr: <br \/> 44 \u20ac \/ Jahr<\/li>\n<li>Kinder und Jugendliche ohne Elternmitgliedschaft bis zum 18. Lebensjahr:<br \/> 44 \u20ac \/ Jahr<\/li>\n<li>Sch\u00fcler, Auszubildende und Studenten ab dem 18.Lebensjahr: <br \/>71,50 \u20ac \/ Jahr<\/li>\n<li>Erwachsene ab dem&nbsp; 18. Lebensjahr: <br \/> 143 \u20ac \/ Jahr<\/li>\n<li>Familienmitgliedschaft (Ehepaar\/eingetr. Lebenspartnerschaft \u2013&nbsp;mit oder ohne Kinder): <br \/> 231 \u20ac \/ Jahr<\/li>\n<li>Zweitmitgliedschaft (bereits in einem anderen Tennisclub Mitglied): <br \/> 66\u20ac \/ Jahr<\/li>\n<li>passive Mitgliedschaft: <br \/> 27,50 \u20ac \/ Jahr<\/li>\n<\/ul>\n<p>Wir freuen uns \u00fcber jedes neue Mitglied \u2013 es wird <b>KEINE&nbsp;<\/b>Aufnahmegeb\u00fchr erhoben!<\/p>\t\t\t\t\t\t\t\t<\/div>\n\t\t\t\t<\/div>\n\t\t\t\t\t<\/div>\n\t\t<\/div>\n\t\t\t\t<div class=\"elementor-column elementor-col-33 elementor-top-column elementor-element elementor-element-fea6ef7\" data-id=\"fea6ef7\" data-element_type=\"column\" data-e-type=\"column\">\n\t\t\t<div class=\"elementor-widget-wrap elementor-element-populated\">\n\t\t\t\t\t\t<div class=\"elementor-element elementor-element-3e8f907 elementor-widget elementor-widget-text-editor\" data-id=\"3e8f907\" data-element_type=\"widget\" data-e-type=\"widget\" data-widget_type=\"text-editor.default\">\n\t\t\t\t<div class=\"elementor-widget-container\">\n\t\t\t\t\t\t\t\t\t<p><a href=\"http:\/\/www.tc-eggstaett.de\/wp-content\/uploads\/2018\/04\/Mitgliedschaft.jpg\" rel=\"attachment wp-att-526\"><img fetchpriority=\"high\" decoding=\"async\" class=\"alignleft wp-image-1599\" src=\"http:\/\/www.tc-eggstaett.de\/wp-content\/uploads\/2018\/04\/Mitgliedschaft-300x300.jpg\" alt=\"\" width=\"300\" height=\"300\" srcset=\"https:\/\/www.tc-eggstaett.de\/wp-content\/uploads\/2018\/04\/Mitgliedschaft-300x300.jpg 300w, https:\/\/www.tc-eggstaett.de\/wp-content\/uploads\/2018\/04\/Mitgliedschaft-150x150.jpg 150w, https:\/\/www.tc-eggstaett.de\/wp-content\/uploads\/2018\/04\/Mitgliedschaft-768x768.jpg 768w, https:\/\/www.tc-eggstaett.de\/wp-content\/uploads\/2018\/04\/Mitgliedschaft.jpg 800w\" sizes=\"(max-width: 300px) 100vw, 300px\" \/><\/a><\/p><p>\u00a0<\/p><p>\u00a0<\/p><p>\u00a0<\/p>\t\t\t\t\t\t\t\t<\/div>\n\t\t\t\t<\/div>\n\t\t\t\t\t<\/div>\n\t\t<\/div>\n\t\t\t\t\t<\/div>\n\t\t<\/section>\n\t\t\t\t<section class=\"elementor-section elementor-top-section elementor-element elementor-element-18af843 elementor-section-boxed elementor-section-height-default elementor-section-height-default\" data-id=\"18af843\" data-element_type=\"section\" data-e-type=\"section\">\n\t\t\t\t\t\t<div class=\"elementor-container elementor-column-gap-default\">\n\t\t\t\t\t<div class=\"elementor-column elementor-col-100 elementor-top-column elementor-element elementor-element-858b778\" data-id=\"858b778\" data-element_type=\"column\" data-e-type=\"column\">\n\t\t\t<div class=\"elementor-widget-wrap elementor-element-populated\">\n\t\t\t\t\t\t<div class=\"elementor-element elementor-element-d48e740 elementor-widget-divider--view-line elementor-widget elementor-widget-divider\" data-id=\"d48e740\" data-element_type=\"widget\" data-e-type=\"widget\" data-widget_type=\"divider.default\">\n\t\t\t\t<div class=\"elementor-widget-container\">\n\t\t\t\t\t\t\t<div class=\"elementor-divider\">\n\t\t\t<span class=\"elementor-divider-separator\">\n\t\t\t\t\t\t<\/span>\n\t\t<\/div>\n\t\t\t\t\t\t<\/div>\n\t\t\t\t<\/div>\n\t\t\t\t\t<\/div>\n\t\t<\/div>\n\t\t\t\t\t<\/div>\n\t\t<\/section>\n\t\t\t\t<section class=\"elementor-section elementor-top-section elementor-element elementor-element-17801fc elementor-section-boxed elementor-section-height-default elementor-section-height-default\" data-id=\"17801fc\" data-element_type=\"section\" data-e-type=\"section\">\n\t\t\t\t\t\t<div class=\"elementor-container elementor-column-gap-default\">\n\t\t\t\t\t<div class=\"elementor-column elementor-col-66 elementor-top-column elementor-element elementor-element-1c20e3b\" data-id=\"1c20e3b\" data-element_type=\"column\" data-e-type=\"column\">\n\t\t\t<div class=\"elementor-widget-wrap elementor-element-populated\">\n\t\t\t\t\t\t<div class=\"elementor-element elementor-element-dba5ad7 elementor-widget elementor-widget-text-editor\" data-id=\"dba5ad7\" data-element_type=\"widget\" data-e-type=\"widget\" data-widget_type=\"text-editor.default\">\n\t\t\t\t<div class=\"elementor-widget-container\">\n\t\t\t\t\t\t\t\t\t<h4><strong>Einen Mitgliedsantrag zum Ausdrucken oder Abspeichern gibt <\/strong><strong>es\u00a0hier<\/strong><\/h4>\t\t\t\t\t\t\t\t<\/div>\n\t\t\t\t<\/div>\n\t\t\t\t\t<\/div>\n\t\t<\/div>\n\t\t\t\t<div class=\"elementor-column elementor-col-33 elementor-top-column elementor-element elementor-element-073b02d\" data-id=\"073b02d\" data-element_type=\"column\" data-e-type=\"column\">\n\t\t\t<div class=\"elementor-widget-wrap elementor-element-populated\">\n\t\t\t\t\t\t<div class=\"elementor-element elementor-element-31439c3 elementor-widget elementor-widget-text-editor\" data-id=\"31439c3\" data-element_type=\"widget\" data-e-type=\"widget\" data-widget_type=\"text-editor.default\">\n\t\t\t\t<div class=\"elementor-widget-container\">\n\t\t\t\t\t\t\t\t\t<h4><a href=\"https:\/\/www.tc-eggstaett.de\/wp-content\/uploads\/2018\/02\/Aufnahmeantrag_TCE.doc\"><img decoding=\"async\" class=\"alignnone wp-image-1569\" src=\"http:\/\/www.tc-eggstaett.de\/wp-content\/uploads\/2018\/03\/Screen-Shot-2018-03-27-at-11.10.02.png\" alt=\"\" width=\"199\" height=\"48\" \/><\/a><\/h4>\t\t\t\t\t\t\t\t<\/div>\n\t\t\t\t<\/div>\n\t\t\t\t\t<\/div>\n\t\t<\/div>\n\t\t\t\t\t<\/div>\n\t\t<\/section>\n\t\t\t\t<section class=\"elementor-section elementor-top-section elementor-element elementor-element-2e4200b elementor-section-boxed elementor-section-height-default elementor-section-height-default\" data-id=\"2e4200b\" data-element_type=\"section\" data-e-type=\"section\">\n\t\t\t\t\t\t<div class=\"elementor-container elementor-column-gap-default\">\n\t\t\t\t\t<div class=\"elementor-column elementor-col-100 elementor-top-column elementor-element elementor-element-4acada9\" data-id=\"4acada9\" data-element_type=\"column\" data-e-type=\"column\">\n\t\t\t<div class=\"elementor-widget-wrap elementor-element-populated\">\n\t\t\t\t\t\t<div class=\"elementor-element elementor-element-34163f5 elementor-widget elementor-widget-text-editor\" data-id=\"34163f5\" data-element_type=\"widget\" data-e-type=\"widget\" data-widget_type=\"text-editor.default\">\n\t\t\t\t<div class=\"elementor-widget-container\">\n\t\t\t\t\t\t\t\t\t<p>Den Antrag bitte unterschrieben\u00a0dem Kassier oder einem anderen Vorstandsmitglied \u00fcbermitteln (pers\u00f6nlich, per Post oder per Mail). Kontaktdaten gibt es auf Anfrage (<a href=\"http:\/\/www.tc-eggstaett.de\/?page_id=31\">Kontaktformular<\/a> oder per Handy, siehe <a href=\"http:\/\/www.tc-eggstaett.de\">Startseite<\/a>).<\/p>\t\t\t\t\t\t\t\t<\/div>\n\t\t\t\t<\/div>\n\t\t\t\t\t<\/div>\n\t\t<\/div>\n\t\t\t\t\t<\/div>\n\t\t<\/section>\n\t\t\t\t<section class=\"elementor-section elementor-top-section elementor-element elementor-element-03b38bb elementor-section-boxed elementor-section-height-default elementor-section-height-default\" data-id=\"03b38bb\" data-element_type=\"section\" data-e-type=\"section\">\n\t\t\t\t\t\t<div class=\"elementor-container elementor-column-gap-default\">\n\t\t\t\t\t<div class=\"elementor-column elementor-col-100 elementor-top-column elementor-element elementor-element-ff91301\" data-id=\"ff91301\" data-element_type=\"column\" data-e-type=\"column\">\n\t\t\t<div class=\"elementor-widget-wrap\">\n\t\t\t\t\t\t\t<\/div>\n\t\t<\/div>\n\t\t\t\t\t<\/div>\n\t\t<\/section>\n\t\t\t\t<\/div>\n\t\t","protected":false},"excerpt":{"rendered":"<p>Informationen zur Mitgliedschaft Die Mitgliedsbeitr\u00e4ge (g\u00fcltig ab 2024 &#8211; f\u00fcr das laufende Jahr g\u00fcnstiger) gliedern sich wie folgt: &nbsp; Kinder mit Elternmitgliedschaft bis zum 14. Lebensjahr: beitragsfrei Jugendliche mit Elternmitgliedschaft vom 14. bis 18. Lebensjahr: 44 \u20ac \/ Jahr Kinder und Jugendliche ohne Elternmitgliedschaft bis zum 18. Lebensjahr: 44 \u20ac \/ Jahr Sch\u00fcler, Auszubildende und [&hellip;]<\/p>\n","protected":false},"author":1,"featured_media":0,"parent":302,"menu_order":3,"comment_status":"closed","ping_status":"closed","template":"","meta":{"footnotes":""},"class_list":["post-44","page","type-page","status-publish","hentry"],"_links":{"self":[{"href":"https:\/\/www.tc-eggstaett.de\/index.php?rest_route=\/wp\/v2\/pages\/44","targetHints":{"allow":["GET"]}}],"collection":[{"href":"https:\/\/www.tc-eggstaett.de\/index.php?rest_route=\/wp\/v2\/pages"}],"about":[{"href":"https:\/\/www.tc-eggstaett.de\/index.php?rest_route=\/wp\/v2\/types\/page"}],"author":[{"embeddable":true,"href":"https:\/\/www.tc-eggstaett.de\/index.php?rest_route=\/wp\/v2\/users\/1"}],"replies":[{"embeddable":true,"href":"https:\/\/www.tc-eggstaett.de\/index.php?rest_route=%2Fwp%2Fv2%2Fcomments&post=44"}],"version-history":[{"count":131,"href":"https:\/\/www.tc-eggstaett.de\/index.php?rest_route=\/wp\/v2\/pages\/44\/revisions"}],"predecessor-version":[{"id":2541,"href":"https:\/\/www.tc-eggstaett.de\/index.php?rest_route=\/wp\/v2\/pages\/44\/revisions\/2541"}],"up":[{"embeddable":true,"href":"https:\/\/www.tc-eggstaett.de\/index.php?rest_route=\/wp\/v2\/pages\/302"}],"wp:attachment":[{"href":"https:\/\/www.tc-eggstaett.de\/index.php?rest_route=%2Fwp%2Fv2%2Fmedia&parent=44"}],"curies":[{"name":"wp","href":"https:\/\/api.w.org\/{rel}","templated":true}]}}