{"id":302,"date":"2011-05-22T23:12:38","date_gmt":"2011-05-22T21:12:38","guid":{"rendered":"http:\/\/www.tc-eggstaett.de\/?page_id=302"},"modified":"2026-04-26T20:45:04","modified_gmt":"2026-04-26T18:45:04","slug":"startseite","status":"publish","type":"page","link":"https:\/\/www.tc-eggstaett.de\/","title":{"rendered":"Verein"},"content":{"rendered":"\t\t<div data-elementor-type=\"wp-post\" data-elementor-id=\"302\" class=\"elementor elementor-302\">\n\t\t\t\t\t\t<section class=\"elementor-section elementor-top-section elementor-element elementor-element-2239a9e elementor-section-boxed elementor-section-height-default elementor-section-height-default\" data-id=\"2239a9e\" data-element_type=\"section\" data-e-type=\"section\">\n\t\t\t\t\t\t<div class=\"elementor-container elementor-column-gap-default\">\n\t\t\t\t\t<div class=\"elementor-column elementor-col-100 elementor-top-column elementor-element elementor-element-6dc7a32\" data-id=\"6dc7a32\" data-element_type=\"column\" data-e-type=\"column\">\n\t\t\t<div class=\"elementor-widget-wrap elementor-element-populated\">\n\t\t\t\t\t\t<div class=\"elementor-element elementor-element-2946412 elementor-widget elementor-widget-text-editor\" data-id=\"2946412\" data-element_type=\"widget\" data-e-type=\"widget\" data-widget_type=\"text-editor.default\">\n\t\t\t\t<div class=\"elementor-widget-container\">\n\t\t\t\t\t\t\t\t\t<p style=\"text-align: center;\"><span style=\"color: #ff6600;\">+<span style=\"font-weight: bold;\">++AKTUELLES+++AKTUELLES+++AKTUELLES+++AKTUELLES+++<\/span><\/span><\/p>\n<p style=\"text-align: center;\"><strong><span style=\"text-decoration-line: underline;\">\u21d2 Platzer\u00f6ffnung mit Turnier und Gaudi am 2. Mai<\/span><\/strong><\/p>\n<p style=\"text-align: center;\"><strong><span style=\"text-decoration-line: underline;\">\u21d2 Neuer Vorstand gew\u00e4hlt<\/span><\/strong><\/p>\n<p style=\"text-align: center;\"><span style=\"text-decoration-line: underline;\"><strong>\u21d2 Padeltennis beim TCE ab 2026<\/strong><\/span><\/p>\n<p style=\"text-align: center;\"><span style=\"text-decoration-line: underline;\"><strong>\u21d2 Der TCE ist jetzt EGYM-Wellpass Mitglied<\/strong><\/span><\/p>\n<div><span style=\"text-decoration-line: underline;\"><strong>&nbsp;<\/strong><\/span><\/div>\n<p style=\"text-align: center;\"><span style=\"font-weight: bold;\">N\u00e4heres siehe unter &#8211; Neuigkeiten &#8211;<\/span><\/p>\t\t\t\t\t\t\t\t<\/div>\n\t\t\t\t<\/div>\n\t\t\t\t\t<\/div>\n\t\t<\/div>\n\t\t\t\t\t<\/div>\n\t\t<\/section>\n\t\t\t\t<section class=\"elementor-section elementor-top-section elementor-element elementor-element-97649ea elementor-section-boxed elementor-section-height-default elementor-section-height-default\" data-id=\"97649ea\" data-element_type=\"section\" data-e-type=\"section\">\n\t\t\t\t\t\t<div class=\"elementor-container elementor-column-gap-default\">\n\t\t\t\t\t<div class=\"elementor-column elementor-col-100 elementor-top-column elementor-element elementor-element-593039a\" data-id=\"593039a\" data-element_type=\"column\" data-e-type=\"column\">\n\t\t\t<div class=\"elementor-widget-wrap elementor-element-populated\">\n\t\t\t\t\t\t<div class=\"elementor-element elementor-element-3d1eb49 elementor-widget elementor-widget-text-editor\" data-id=\"3d1eb49\" data-element_type=\"widget\" data-e-type=\"widget\" data-widget_type=\"text-editor.default\">\n\t\t\t\t<div class=\"elementor-widget-container\">\n\t\t\t\t\t\t\t\t\t<h4><strong>Wir begr\u00fc\u00dfen alle Besucher recht herzlich auf unserer Internetseite!<\/strong><\/h4>\t\t\t\t\t\t\t\t<\/div>\n\t\t\t\t<\/div>\n\t\t\t\t\t<\/div>\n\t\t<\/div>\n\t\t\t\t\t<\/div>\n\t\t<\/section>\n\t\t\t\t<section class=\"elementor-section elementor-top-section elementor-element elementor-element-2070a9f elementor-section-boxed elementor-section-height-default elementor-section-height-default\" data-id=\"2070a9f\" data-element_type=\"section\" data-e-type=\"section\">\n\t\t\t\t\t\t<div class=\"elementor-container elementor-column-gap-default\">\n\t\t\t\t\t<div class=\"elementor-column elementor-col-100 elementor-top-column elementor-element elementor-element-77b12bf\" data-id=\"77b12bf\" data-element_type=\"column\" data-e-type=\"column\">\n\t\t\t<div class=\"elementor-widget-wrap elementor-element-populated\">\n\t\t\t\t\t\t<div class=\"elementor-element elementor-element-e2fc5e9 elementor-widget-divider--view-line elementor-widget elementor-widget-divider\" data-id=\"e2fc5e9\" data-element_type=\"widget\" data-e-type=\"widget\" data-widget_type=\"divider.default\">\n\t\t\t\t<div class=\"elementor-widget-container\">\n\t\t\t\t\t\t\t<div class=\"elementor-divider\">\n\t\t\t<span class=\"elementor-divider-separator\">\n\t\t\t\t\t\t<\/span>\n\t\t<\/div>\n\t\t\t\t\t\t<\/div>\n\t\t\t\t<\/div>\n\t\t\t\t\t<\/div>\n\t\t<\/div>\n\t\t\t\t\t<\/div>\n\t\t<\/section>\n\t\t\t\t<section class=\"elementor-section elementor-top-section elementor-element elementor-element-29161f0 elementor-section-boxed elementor-section-height-default elementor-section-height-default\" data-id=\"29161f0\" data-element_type=\"section\" data-e-type=\"section\">\n\t\t\t\t\t\t<div class=\"elementor-container elementor-column-gap-default\">\n\t\t\t\t\t<div class=\"elementor-column elementor-col-66 elementor-top-column elementor-element elementor-element-62eb297\" data-id=\"62eb297\" data-element_type=\"column\" data-e-type=\"column\">\n\t\t\t<div class=\"elementor-widget-wrap elementor-element-populated\">\n\t\t\t\t\t\t<div class=\"elementor-element elementor-element-9c175b4 elementor-widget elementor-widget-text-editor\" data-id=\"9c175b4\" data-element_type=\"widget\" data-e-type=\"widget\" data-widget_type=\"text-editor.default\">\n\t\t\t\t<div class=\"elementor-widget-container\">\n\t\t\t\t\t\t\t\t\t<p>&nbsp;Der Tennisclub Eggst\u00e4tt an der Ecke Fr\u00fchlingstra\u00dfe\/Seeoner Stra\u00dfe verf\u00fcgt \u00fcber vier Sandpl\u00e4tze, die um das Clubheim herum angelegt sind (ab Fr\u00fchjahr 2026 drei Sandpl\u00e4tze plus einer Padelanlage!). Alle am Tennissport (und ab Fr\u00fchjahr 2026 auch Padelsport) Interessierte, ob Mitglieder oder G\u00e4ste, sind jederzeit herzlich willkommen, der gelben Filzkugel auf unseren Pl\u00e4tzen hinterher zu jagen!<\/p>\n<p>Insbesondere Kinder und Jugendliche, die Spa\u00df am Sport und der Bewegung haben, k\u00f6nnen sich jederzeit selbst oder \u00fcber die Eltern an den Verein wenden.<br \/>Kontaktaufnahme mit dem Verein \u00fcber das <a href=\"http:\/\/www.tc-eggstaett.de\/?page_id=31\">Kontaktformular<\/a> oder unter der Nummer 0178\/1491398.<\/p>\n<p>Gastspieler k\u00f6nnen entweder bei der Tourist-Info (neben der Gemeindeverwaltung im Rathaus) oder in der Gastst\u00e4tte Unterwirt (gegen\u00fcber der Kirche) den Schl\u00fcssel zur Anlage gegen Zahlung der Platzgeb\u00fchr von 15,- Euro\/Stunde erhalten oder sich direkt an den Club wenden (z.B. mittels <a href=\"http:\/\/www.tc-eggstaett.de\/?page_id=31\">Kontaktformular<\/a> oder telefonisch).<\/p>\n<p>Der Verein besch\u00e4ftigt einen lizensierten Trainer, Kontaktaufnahme ebenfalls gerne \u00fcber den Verein.<\/p>\n<p>Alle wichtigen Informationen \u00fcber unseren Verein sind auch&nbsp;\u00fcber die Einzelseiten (siehe oben) abrufbar.<\/p>\n<p>Wir freuen uns \u00fcber jedes Feedback (z.B. \u00fcber\u2019s <a href=\"http:\/\/www.tc-eggstaett.de\/?page_id=31\">Kontaktformular<\/a>) zu unserem Club oder auch zu unserem Internetauftritt!<\/p><p>Zum Padeltennis ab der Saison 2026 erfolgen zeitgerecht die Infos hier auf unserer Internetseite.<\/p>\t\t\t\t\t\t\t\t<\/div>\n\t\t\t\t<\/div>\n\t\t\t\t\t<\/div>\n\t\t<\/div>\n\t\t\t\t<div class=\"elementor-column elementor-col-33 elementor-top-column elementor-element elementor-element-cb73a83\" data-id=\"cb73a83\" data-element_type=\"column\" data-e-type=\"column\">\n\t\t\t<div class=\"elementor-widget-wrap elementor-element-populated\">\n\t\t\t\t\t\t<div class=\"elementor-element elementor-element-1b2d05a elementor-widget elementor-widget-text-editor\" data-id=\"1b2d05a\" data-element_type=\"widget\" data-e-type=\"widget\" data-widget_type=\"text-editor.default\">\n\t\t\t\t<div class=\"elementor-widget-container\">\n\t\t\t\t\t\t\t\t\t<p><img fetchpriority=\"high\" decoding=\"async\" class=\"aligncenter wp-image-2027 size-large\" src=\"http:\/\/www.tc-eggstaett.de\/wp-content\/uploads\/2020\/05\/Luftbild3-1024x768.jpg\" alt=\"\" width=\"800\" height=\"600\" srcset=\"https:\/\/www.tc-eggstaett.de\/wp-content\/uploads\/2020\/05\/Luftbild3-1024x768.jpg 1024w, https:\/\/www.tc-eggstaett.de\/wp-content\/uploads\/2020\/05\/Luftbild3-300x225.jpg 300w, https:\/\/www.tc-eggstaett.de\/wp-content\/uploads\/2020\/05\/Luftbild3-768x576.jpg 768w, https:\/\/www.tc-eggstaett.de\/wp-content\/uploads\/2020\/05\/Luftbild3.jpg 1280w\" sizes=\"(max-width: 800px) 100vw, 800px\" \/> <\/p><p><img decoding=\"async\" class=\"alignleft wp-image-1540 size-large\" src=\"http:\/\/www.tc-eggstaett.de\/wp-content\/uploads\/2018\/03\/Fassade-1024x768.jpg\" alt=\"\" width=\"800\" height=\"600\" srcset=\"https:\/\/www.tc-eggstaett.de\/wp-content\/uploads\/2018\/03\/Fassade-1024x768.jpg 1024w, https:\/\/www.tc-eggstaett.de\/wp-content\/uploads\/2018\/03\/Fassade-300x225.jpg 300w, https:\/\/www.tc-eggstaett.de\/wp-content\/uploads\/2018\/03\/Fassade-768x576.jpg 768w\" sizes=\"(max-width: 800px) 100vw, 800px\" \/><\/p>\t\t\t\t\t\t\t\t<\/div>\n\t\t\t\t<\/div>\n\t\t\t\t\t<\/div>\n\t\t<\/div>\n\t\t\t\t\t<\/div>\n\t\t<\/section>\n\t\t\t\t<\/div>\n\t\t","protected":false},"excerpt":{"rendered":"<p>+++AKTUELLES+++AKTUELLES+++AKTUELLES+++AKTUELLES+++ \u21d2 Platzer\u00f6ffnung mit Turnier und Gaudi am 2. Mai \u21d2 Neuer Vorstand gew\u00e4hlt \u21d2 Padeltennis beim TCE ab 2026 \u21d2 Der TCE ist jetzt EGYM-Wellpass Mitglied &nbsp; N\u00e4heres siehe unter &#8211; Neuigkeiten &#8211; Wir begr\u00fc\u00dfen alle Besucher recht herzlich auf unserer Internetseite! &nbsp;Der Tennisclub Eggst\u00e4tt an der Ecke Fr\u00fchlingstra\u00dfe\/Seeoner Stra\u00dfe verf\u00fcgt \u00fcber vier Sandpl\u00e4tze, [&hellip;]<\/p>\n","protected":false},"author":5,"featured_media":0,"parent":0,"menu_order":0,"comment_status":"closed","ping_status":"closed","template":"","meta":{"footnotes":""},"class_list":["post-302","page","type-page","status-publish","hentry"],"_links":{"self":[{"href":"https:\/\/www.tc-eggstaett.de\/index.php?rest_route=\/wp\/v2\/pages\/302","targetHints":{"allow":["GET"]}}],"collection":[{"href":"https:\/\/www.tc-eggstaett.de\/index.php?rest_route=\/wp\/v2\/pages"}],"about":[{"href":"https:\/\/www.tc-eggstaett.de\/index.php?rest_route=\/wp\/v2\/types\/page"}],"author":[{"embeddable":true,"href":"https:\/\/www.tc-eggstaett.de\/index.php?rest_route=\/wp\/v2\/users\/5"}],"replies":[{"embeddable":true,"href":"https:\/\/www.tc-eggstaett.de\/index.php?rest_route=%2Fwp%2Fv2%2Fcomments&post=302"}],"version-history":[{"count":123,"href":"https:\/\/www.tc-eggstaett.de\/index.php?rest_route=\/wp\/v2\/pages\/302\/revisions"}],"predecessor-version":[{"id":2878,"href":"https:\/\/www.tc-eggstaett.de\/index.php?rest_route=\/wp\/v2\/pages\/302\/revisions\/2878"}],"wp:attachment":[{"href":"https:\/\/www.tc-eggstaett.de\/index.php?rest_route=%2Fwp%2Fv2%2Fmedia&parent=302"}],"curies":[{"name":"wp","href":"https:\/\/api.w.org\/{rel}","templated":true}]}}