{"id":258,"date":"2011-04-18T23:50:24","date_gmt":"2011-04-18T21:50:24","guid":{"rendered":"http:\/\/www.tc-eggstaett.de\/?page_id=258"},"modified":"2023-04-16T22:07:42","modified_gmt":"2023-04-16T20:07:42","slug":"jugend","status":"publish","type":"page","link":"https:\/\/www.tc-eggstaett.de\/?page_id=258","title":{"rendered":"Kinder\/Jugend"},"content":{"rendered":"\t\t<div data-elementor-type=\"wp-post\" data-elementor-id=\"258\" class=\"elementor elementor-258\">\n\t\t\t\t\t\t<section class=\"elementor-section elementor-top-section elementor-element elementor-element-a564a6d elementor-section-boxed elementor-section-height-default elementor-section-height-default\" data-id=\"a564a6d\" data-element_type=\"section\" data-e-type=\"section\">\n\t\t\t\t\t\t<div class=\"elementor-container elementor-column-gap-default\">\n\t\t\t\t\t<div class=\"elementor-column elementor-col-100 elementor-top-column elementor-element elementor-element-532b90f\" data-id=\"532b90f\" data-element_type=\"column\" data-e-type=\"column\">\n\t\t\t<div class=\"elementor-widget-wrap elementor-element-populated\">\n\t\t\t\t\t\t<div class=\"elementor-element elementor-element-d3eeaa6 elementor-widget elementor-widget-text-editor\" data-id=\"d3eeaa6\" data-element_type=\"widget\" data-e-type=\"widget\" data-widget_type=\"text-editor.default\">\n\t\t\t\t<div class=\"elementor-widget-container\">\n\t\t\t\t\t\t\t\t\t<h4><strong>Informationen f\u00fcr Kinder und Jugendendliche<\/strong><\/h4>\t\t\t\t\t\t\t\t<\/div>\n\t\t\t\t<\/div>\n\t\t\t\t\t<\/div>\n\t\t<\/div>\n\t\t\t\t\t<\/div>\n\t\t<\/section>\n\t\t\t\t<section class=\"elementor-section elementor-top-section elementor-element elementor-element-75937d1 elementor-section-boxed elementor-section-height-default elementor-section-height-default\" data-id=\"75937d1\" data-element_type=\"section\" data-e-type=\"section\">\n\t\t\t\t\t\t<div class=\"elementor-container elementor-column-gap-default\">\n\t\t\t\t\t<div class=\"elementor-column elementor-col-100 elementor-top-column elementor-element elementor-element-fb02627\" data-id=\"fb02627\" data-element_type=\"column\" data-e-type=\"column\">\n\t\t\t<div class=\"elementor-widget-wrap elementor-element-populated\">\n\t\t\t\t\t\t<div class=\"elementor-element elementor-element-f640ae6 elementor-widget-divider--view-line elementor-widget elementor-widget-divider\" data-id=\"f640ae6\" data-element_type=\"widget\" data-e-type=\"widget\" data-widget_type=\"divider.default\">\n\t\t\t\t<div class=\"elementor-widget-container\">\n\t\t\t\t\t\t\t<div class=\"elementor-divider\">\n\t\t\t<span class=\"elementor-divider-separator\">\n\t\t\t\t\t\t<\/span>\n\t\t<\/div>\n\t\t\t\t\t\t<\/div>\n\t\t\t\t<\/div>\n\t\t\t\t\t<\/div>\n\t\t<\/div>\n\t\t\t\t\t<\/div>\n\t\t<\/section>\n\t\t\t\t<section class=\"elementor-section elementor-top-section elementor-element elementor-element-c3430c0 elementor-section-boxed elementor-section-height-default elementor-section-height-default\" data-id=\"c3430c0\" data-element_type=\"section\" data-e-type=\"section\">\n\t\t\t\t\t\t<div class=\"elementor-container elementor-column-gap-default\">\n\t\t\t\t\t<div class=\"elementor-column elementor-col-66 elementor-top-column elementor-element elementor-element-6e31d8e\" data-id=\"6e31d8e\" data-element_type=\"column\" data-e-type=\"column\">\n\t\t\t<div class=\"elementor-widget-wrap elementor-element-populated\">\n\t\t\t\t\t\t<div class=\"elementor-element elementor-element-65d2e0b elementor-widget elementor-widget-text-editor\" data-id=\"65d2e0b\" data-element_type=\"widget\" data-e-type=\"widget\" data-widget_type=\"text-editor.default\">\n\t\t\t\t<div class=\"elementor-widget-container\">\n\t\t\t\t\t\t\t\t\t<p>Der TC Eggst\u00e4tt\u00a0arbeitet hier mit einem lizensierten Tennistrainer zusammen, Patrick Schupfinger von der Tennisschule Simon Neuert in Waldering.<\/p><p>Simon Neuert ist in der Region eine bekannte &#8222;Tennis-Institution&#8220;, er f\u00fchrt seit langem seine eigene Tennisschule mit eigener Halle in Waldering bei Rosenheim.<\/p><p>Derzeit sind \u00fcber ein Dutzend Kinder im regelm\u00e4\u00dfigen Training und der TC Eggst\u00e4tt w\u00fcrde sich freuen, wenn wir die Anzahl der tennisspielenden Kinder im Verein noch ausbauen k\u00f6nnten!<\/p><p>Wir werden auch mit der Schule kooperieren und versuchen, f\u00fcr die Kinder ein tolles, abwechslungsreiches Training und Programm anzubieten, bei dem der Spa\u00df und die Freude eindeutig an erster Stelle stehen.<\/p><p>Der Verein bietet an, nach Absprache ein kostenloses Schnuppertraining durchf\u00fchren zu k\u00f6nnen, um erst mal zu sehen, ob es auch \u201edas Richtige\u201c ist.<\/p><p><strong>Haben Sie, liebe Eltern, bitte keinerlei Ber\u00fchrungs\u00e4ngste und kontaktieren Sie den Verein (\u00fcber das Kontaktformular, pers\u00f6nlich oder per Handy \u2013 siehe <a href=\"http:\/\/www.tc-eggstaett.de\">Startseite<\/a>) jederzeit!<\/strong><\/p>\t\t\t\t\t\t\t\t<\/div>\n\t\t\t\t<\/div>\n\t\t\t\t\t<\/div>\n\t\t<\/div>\n\t\t\t\t<div class=\"elementor-column elementor-col-33 elementor-top-column elementor-element elementor-element-a2bab98\" data-id=\"a2bab98\" data-element_type=\"column\" data-e-type=\"column\">\n\t\t\t<div class=\"elementor-widget-wrap elementor-element-populated\">\n\t\t\t\t\t\t<div class=\"elementor-element elementor-element-e5b90fd elementor-widget elementor-widget-text-editor\" data-id=\"e5b90fd\" data-element_type=\"widget\" data-e-type=\"widget\" data-widget_type=\"text-editor.default\">\n\t\t\t\t<div class=\"elementor-widget-container\">\n\t\t\t\t\t\t\t\t\t<p><a href=\"http:\/\/www.tc-eggstaett.de\/wp-content\/uploads\/2014\/04\/cm-2011-033.jpg\" rel=\"attachment wp-att-710\"><img fetchpriority=\"high\" decoding=\"async\" class=\"alignnone wp-image-710 size-medium\" src=\"http:\/\/www.tc-eggstaett.de\/wp-content\/uploads\/2014\/04\/cm-2011-033-300x225.jpg\" alt=\"\" width=\"300\" height=\"225\" srcset=\"https:\/\/www.tc-eggstaett.de\/wp-content\/uploads\/2014\/04\/cm-2011-033-300x225.jpg 300w, https:\/\/www.tc-eggstaett.de\/wp-content\/uploads\/2014\/04\/cm-2011-033-1024x768.jpg 1024w, https:\/\/www.tc-eggstaett.de\/wp-content\/uploads\/2014\/04\/cm-2011-033-160x120.jpg 160w\" sizes=\"(max-width: 300px) 100vw, 300px\" \/><\/a><\/p><p>\u00a0<\/p><p><a href=\"http:\/\/www.tc-eggstaett.de\/wp-content\/uploads\/2013\/09\/Ferienprogramm-2.jpg\" rel=\"attachment wp-att-635\"><img decoding=\"async\" class=\"alignnone wp-image-635 \" src=\"http:\/\/www.tc-eggstaett.de\/wp-content\/uploads\/2013\/09\/Ferienprogramm-2-300x225.jpg\" alt=\"\" width=\"300\" height=\"225\" srcset=\"https:\/\/www.tc-eggstaett.de\/wp-content\/uploads\/2013\/09\/Ferienprogramm-2-300x225.jpg 300w, https:\/\/www.tc-eggstaett.de\/wp-content\/uploads\/2013\/09\/Ferienprogramm-2-1024x768.jpg 1024w\" sizes=\"(max-width: 300px) 100vw, 300px\" \/><\/a><\/p>\t\t\t\t\t\t\t\t<\/div>\n\t\t\t\t<\/div>\n\t\t\t\t\t<\/div>\n\t\t<\/div>\n\t\t\t\t\t<\/div>\n\t\t<\/section>\n\t\t\t\t<section class=\"elementor-section elementor-top-section elementor-element elementor-element-f6b6ddf elementor-section-boxed elementor-section-height-default elementor-section-height-default\" data-id=\"f6b6ddf\" data-element_type=\"section\" data-e-type=\"section\">\n\t\t\t\t\t\t<div class=\"elementor-container elementor-column-gap-default\">\n\t\t\t\t\t<div class=\"elementor-column elementor-col-100 elementor-top-column elementor-element elementor-element-68689e5\" data-id=\"68689e5\" data-element_type=\"column\" data-e-type=\"column\">\n\t\t\t<div class=\"elementor-widget-wrap elementor-element-populated\">\n\t\t\t\t\t\t<div class=\"elementor-element elementor-element-26ee408 elementor-widget-divider--view-line elementor-widget elementor-widget-divider\" data-id=\"26ee408\" data-element_type=\"widget\" data-e-type=\"widget\" data-widget_type=\"divider.default\">\n\t\t\t\t<div class=\"elementor-widget-container\">\n\t\t\t\t\t\t\t<div class=\"elementor-divider\">\n\t\t\t<span class=\"elementor-divider-separator\">\n\t\t\t\t\t\t<\/span>\n\t\t<\/div>\n\t\t\t\t\t\t<\/div>\n\t\t\t\t<\/div>\n\t\t\t\t\t<\/div>\n\t\t<\/div>\n\t\t\t\t\t<\/div>\n\t\t<\/section>\n\t\t\t\t<section class=\"elementor-section elementor-top-section elementor-element elementor-element-7b24589 elementor-section-boxed elementor-section-height-default elementor-section-height-default\" data-id=\"7b24589\" data-element_type=\"section\" data-e-type=\"section\">\n\t\t\t\t\t\t<div class=\"elementor-container elementor-column-gap-default\">\n\t\t\t\t\t<div class=\"elementor-column elementor-col-100 elementor-top-column elementor-element elementor-element-863e633\" data-id=\"863e633\" data-element_type=\"column\" data-e-type=\"column\">\n\t\t\t<div class=\"elementor-widget-wrap elementor-element-populated\">\n\t\t\t\t\t\t<div class=\"elementor-element elementor-element-d3ac7d4 elementor-widget elementor-widget-text-editor\" data-id=\"d3ac7d4\" data-element_type=\"widget\" data-e-type=\"widget\" data-widget_type=\"text-editor.default\">\n\t\t\t\t<div class=\"elementor-widget-container\">\n\t\t\t\t\t\t\t\t\t<h4><strong>Kosten<\/strong><\/h4>\t\t\t\t\t\t\t\t<\/div>\n\t\t\t\t<\/div>\n\t\t\t\t\t<\/div>\n\t\t<\/div>\n\t\t\t\t\t<\/div>\n\t\t<\/section>\n\t\t\t\t<section class=\"elementor-section elementor-top-section elementor-element elementor-element-b2b3d3f elementor-section-boxed elementor-section-height-default elementor-section-height-default\" data-id=\"b2b3d3f\" data-element_type=\"section\" data-e-type=\"section\">\n\t\t\t\t\t\t<div class=\"elementor-container elementor-column-gap-default\">\n\t\t\t\t\t<div class=\"elementor-column elementor-col-100 elementor-top-column elementor-element elementor-element-b344c54\" data-id=\"b344c54\" data-element_type=\"column\" data-e-type=\"column\">\n\t\t\t<div class=\"elementor-widget-wrap elementor-element-populated\">\n\t\t\t\t\t\t<div class=\"elementor-element elementor-element-525a439 elementor-widget elementor-widget-text-editor\" data-id=\"525a439\" data-element_type=\"widget\" data-e-type=\"widget\" data-widget_type=\"text-editor.default\">\n\t\t\t\t<div class=\"elementor-widget-container\">\n\t\t\t\t\t\t\t\t\t<p>Was das Kinder- und Jugendtraining beim TC Eggst\u00e4tt auch attraktiv macht, ist die Tatsache, dass wir die <strong>Preisstruktur&nbsp;<\/strong>weiterhin f\u00fcr die Eltern <strong>attraktiv<\/strong> halten k\u00f6nnen.<\/p>\n<p>Die Trainerstunde kostet 48 \u20ac , bei einer angestrebten Gruppenst\u00e4rke von vier Kindern belaufen sich die Kosten damit auf 12 \u20ac pro Kind. &nbsp;Zieht man dann noch&nbsp;den Vereinszuschuss ab, den der TCE weiterhin gew\u00e4hrt (3 \u20ac pro Kind f\u00fcr&nbsp;jede&nbsp;anwesende Trainerstunde), kostet dieses&nbsp;<b>professionelle Training weniger als 10 \u20ac die Stunde!<\/b><\/p>\n<p>Dies ist sicher ein&nbsp;Top-Angebot,&nbsp;und eine ideale M\u00f6glichkeit, das Tennistraining einfach auch nur einmal auszuprobieren.<\/p>\n<p>Wir freuen uns auf Sie und Ihre Kinder!<\/p>\t\t\t\t\t\t\t\t<\/div>\n\t\t\t\t<\/div>\n\t\t\t\t\t<\/div>\n\t\t<\/div>\n\t\t\t\t\t<\/div>\n\t\t<\/section>\n\t\t\t\t<\/div>\n\t\t","protected":false},"excerpt":{"rendered":"<p>Informationen f\u00fcr Kinder und Jugendendliche Der TC Eggst\u00e4tt\u00a0arbeitet hier mit einem lizensierten Tennistrainer zusammen, Patrick Schupfinger von der Tennisschule Simon Neuert in Waldering. Simon Neuert ist in der Region eine bekannte &#8222;Tennis-Institution&#8220;, er f\u00fchrt seit langem seine eigene Tennisschule mit eigener Halle in Waldering bei Rosenheim. Derzeit sind \u00fcber ein Dutzend Kinder im regelm\u00e4\u00dfigen Training [&hellip;]<\/p>\n","protected":false},"author":1,"featured_media":0,"parent":0,"menu_order":5,"comment_status":"closed","ping_status":"closed","template":"","meta":{"footnotes":""},"class_list":["post-258","page","type-page","status-publish","hentry"],"_links":{"self":[{"href":"https:\/\/www.tc-eggstaett.de\/index.php?rest_route=\/wp\/v2\/pages\/258","targetHints":{"allow":["GET"]}}],"collection":[{"href":"https:\/\/www.tc-eggstaett.de\/index.php?rest_route=\/wp\/v2\/pages"}],"about":[{"href":"https:\/\/www.tc-eggstaett.de\/index.php?rest_route=\/wp\/v2\/types\/page"}],"author":[{"embeddable":true,"href":"https:\/\/www.tc-eggstaett.de\/index.php?rest_route=\/wp\/v2\/users\/1"}],"replies":[{"embeddable":true,"href":"https:\/\/www.tc-eggstaett.de\/index.php?rest_route=%2Fwp%2Fv2%2Fcomments&post=258"}],"version-history":[{"count":68,"href":"https:\/\/www.tc-eggstaett.de\/index.php?rest_route=\/wp\/v2\/pages\/258\/revisions"}],"predecessor-version":[{"id":2560,"href":"https:\/\/www.tc-eggstaett.de\/index.php?rest_route=\/wp\/v2\/pages\/258\/revisions\/2560"}],"wp:attachment":[{"href":"https:\/\/www.tc-eggstaett.de\/index.php?rest_route=%2Fwp%2Fv2%2Fmedia&parent=258"}],"curies":[{"name":"wp","href":"https:\/\/api.w.org\/{rel}","templated":true}]}}